{"id":20,"date":"2024-10-02T21:52:05","date_gmt":"2024-10-02T19:52:05","guid":{"rendered":"https:\/\/www.ninapariat.space\/sites\/ninap_portfolio\/?page_id=20"},"modified":"2024-11-12T16:43:28","modified_gmt":"2024-11-12T15:43:28","slug":"accueil","status":"publish","type":"page","link":"https:\/\/www.ninapariat.space\/sites\/ninap_portfolio\/","title":{"rendered":"Page d&rsquo;accueil"},"content":{"rendered":"\n<div class=\"wp-block-cover alignfull wp-duotone-101010-6c6c77-2\" style=\"min-height:628px;aspect-ratio:unset;\"><span aria-hidden=\"true\" class=\"wp-block-cover__background has-background-dim-70 has-background-dim\"><\/span><img loading=\"lazy\" decoding=\"async\" width=\"953\" height=\"960\" class=\"wp-block-cover__image-background wp-image-138\" alt=\"\" src=\"http:\/\/localhost\/WORDPRESS\/1024_portfolio_test\/wordpress\/wp-content\/uploads\/2024\/10\/arduino.jpg\" data-object-fit=\"cover\" srcset=\"https:\/\/www.ninapariat.space\/sites\/ninap_portfolio\/wp-content\/uploads\/2024\/10\/arduino.jpg 953w, https:\/\/www.ninapariat.space\/sites\/ninap_portfolio\/wp-content\/uploads\/2024\/10\/arduino-298x300.jpg 298w, https:\/\/www.ninapariat.space\/sites\/ninap_portfolio\/wp-content\/uploads\/2024\/10\/arduino-150x150.jpg 150w, https:\/\/www.ninapariat.space\/sites\/ninap_portfolio\/wp-content\/uploads\/2024\/10\/arduino-600x604.jpg 600w\" sizes=\"auto, (max-width: 953px) 100vw, 953px\" \/><div class=\"wp-block-cover__inner-container has-global-padding is-layout-constrained wp-block-cover-is-layout-constrained\">\n<div class=\"wp-block-group myins-me-container has-global-padding is-layout-constrained wp-container-core-group-is-layout-4383d167 wp-block-group-is-layout-constrained\">\n<h2 class=\"wp-block-heading has-white-color has-text-color has-large-font-size\">Qui je suis ?<\/h2>\n\n\n\n<ul class=\"wp-block-social-links has-large-icon-size has-icon-color is-style-logos-only myins-socials is-layout-flex wp-block-social-links-is-layout-flex\" style=\"margin-bottom:0\"><li style=\"color:#0bb4aa;\" class=\"wp-social-link wp-social-link-github has-secondary-color wp-block-social-link\"><a rel=\"noopener nofollow\" target=\"_blank\" href=\"https:\/\/github.com\/Gin-is-not-real\" class=\"wp-block-social-link-anchor\"><svg width=\"24\" height=\"24\" viewBox=\"0 0 24 24\" version=\"1.1\" xmlns=\"http:\/\/www.w3.org\/2000\/svg\" aria-hidden=\"true\" focusable=\"false\"><path d=\"M12,2C6.477,2,2,6.477,2,12c0,4.419,2.865,8.166,6.839,9.489c0.5,0.09,0.682-0.218,0.682-0.484 c0-0.236-0.009-0.866-0.014-1.699c-2.782,0.602-3.369-1.34-3.369-1.34c-0.455-1.157-1.11-1.465-1.11-1.465 c-0.909-0.62,0.069-0.608,0.069-0.608c1.004,0.071,1.532,1.03,1.532,1.03c0.891,1.529,2.341,1.089,2.91,0.833 c0.091-0.647,0.349-1.086,0.635-1.337c-2.22-0.251-4.555-1.111-4.555-4.943c0-1.091,0.39-1.984,1.03-2.682 C6.546,8.54,6.202,7.524,6.746,6.148c0,0,0.84-0.269,2.75,1.025C10.295,6.95,11.15,6.84,12,6.836 c0.85,0.004,1.705,0.114,2.504,0.336c1.909-1.294,2.748-1.025,2.748-1.025c0.546,1.376,0.202,2.394,0.1,2.646 c0.64,0.699,1.026,1.591,1.026,2.682c0,3.841-2.337,4.687-4.565,4.935c0.359,0.307,0.679,0.917,0.679,1.852 c0,1.335-0.012,2.415-0.012,2.741c0,0.269,0.18,0.579,0.688,0.481C19.138,20.161,22,16.416,22,12C22,6.477,17.523,2,12,2z\"><\/path><\/svg><span class=\"wp-block-social-link-label screen-reader-text\">GitHub<\/span><\/a><\/li>\n\n<li style=\"color:#0bb4aa;\" class=\"wp-social-link wp-social-link-linkedin has-secondary-color wp-block-social-link\"><a rel=\"noopener nofollow\" target=\"_blank\" href=\"https:\/\/fr.linkedin.com\/in\/nina-pariat-6b554920a\" class=\"wp-block-social-link-anchor\"><svg width=\"24\" height=\"24\" viewBox=\"0 0 24 24\" version=\"1.1\" xmlns=\"http:\/\/www.w3.org\/2000\/svg\" aria-hidden=\"true\" focusable=\"false\"><path d=\"M19.7,3H4.3C3.582,3,3,3.582,3,4.3v15.4C3,20.418,3.582,21,4.3,21h15.4c0.718,0,1.3-0.582,1.3-1.3V4.3 C21,3.582,20.418,3,19.7,3z M8.339,18.338H5.667v-8.59h2.672V18.338z M7.004,8.574c-0.857,0-1.549-0.694-1.549-1.548 c0-0.855,0.691-1.548,1.549-1.548c0.854,0,1.547,0.694,1.547,1.548C8.551,7.881,7.858,8.574,7.004,8.574z M18.339,18.338h-2.669 v-4.177c0-0.996-0.017-2.278-1.387-2.278c-1.389,0-1.601,1.086-1.601,2.206v4.249h-2.667v-8.59h2.559v1.174h0.037 c0.356-0.675,1.227-1.387,2.526-1.387c2.703,0,3.203,1.779,3.203,4.092V18.338z\"><\/path><\/svg><span class=\"wp-block-social-link-label screen-reader-text\">LinkedIn<\/span><\/a><\/li><\/ul>\n\n\n\n<div style=\"height:18px\" aria-hidden=\"true\" class=\"wp-block-spacer\"><\/div>\n\n\n\n<p><strong>Passionn\u00e9e <\/strong>de Synth\u00e8se Sonore et d&rsquo; \u00c9lectronique, j&rsquo;ai d\u00e9couvert le d\u00e9veloppement en 2018, qui m&rsquo;est vite apparu comme une \u00e9vidence, \u00e9tant notamment tr\u00e8s attir\u00e9e par la programmation de logiciels embarqu\u00e9s pour faire de petits instruments de musique et modules.<\/p>\n\n\n\n<p>J&rsquo;ai d\u00e9but\u00e9 par la cr\u00e9ation de petits <strong>scripts sur mesure<\/strong>  pour manipuler de l&rsquo;audio, g\u00e9n\u00e9rer des sons et contr\u00f4ler mes synth\u00e9tiseurs via des modules personnels, essayant toute sorte d&rsquo;approches.<\/p>\n\n\n\n<p><strong>Autodidacte<\/strong>, j&rsquo;ai commenc\u00e9 \u00e0 m&rsquo;initier sur Java, puis sur d&rsquo;autres langages, notamment JavaScript, Python et PHP, avant de valider mes comp\u00e9tences avec un dipl\u00f4me de d\u00e9veloppeuse web en 2021. <\/p>\n\n\n\n<p><strong>Curieuse par nature<\/strong>, j&rsquo;aime explorer divers domaines et choisis mes projets en fonction des d\u00e9fis qu&rsquo;ils me posent et de ce que je peux en apprendre. Toujours avide de nouvelles connaissances, je pratique tr\u00e8s r\u00e9guli\u00e8rement, particuli\u00e8rement sur Python mais aussi d&rsquo;autres technologies. <\/p>\n\n\n\n<div style=\"height:31px\" aria-hidden=\"true\" class=\"wp-block-spacer\"><\/div>\n\n\n\n<div class=\"wp-block-buttons is-layout-flex wp-block-buttons-is-layout-flex\">\n<div class=\"wp-block-button\" style=\"text-transform:uppercase\"><a class=\"wp-block-button__link has-secondary-background-color has-background wp-element-button\" href=\"https:\/\/www.ninapariat.space\/sites\/ninap_portfolio\/wp-content\/uploads\/2024\/10\/Lettre_de_recommandation_de_Nina_Pariat.pdf\" style=\"border-radius:0px\">RECOMMANDATION<\/a><\/div>\n\n\n\n<div class=\"wp-block-button is-style-outline is-style-outline--1\" style=\"text-transform:uppercase\"><a class=\"wp-block-button__link wp-element-button\" href=\"#myins-contact\" style=\"border-radius:0px\">me contacter<\/a><\/div>\n<\/div>\n\n\n\n<div style=\"height:31px\" aria-hidden=\"true\" class=\"wp-block-spacer\"><\/div>\n<\/div>\n<\/div><\/div>\n","protected":false},"excerpt":{"rendered":"","protected":false},"author":1,"featured_media":0,"parent":0,"menu_order":0,"comment_status":"closed","ping_status":"closed","template":"","meta":{"footnotes":""},"class_list":["post-20","page","type-page","status-publish","hentry"],"_links":{"self":[{"href":"https:\/\/www.ninapariat.space\/sites\/ninap_portfolio\/wp-json\/wp\/v2\/pages\/20","targetHints":{"allow":["GET"]}}],"collection":[{"href":"https:\/\/www.ninapariat.space\/sites\/ninap_portfolio\/wp-json\/wp\/v2\/pages"}],"about":[{"href":"https:\/\/www.ninapariat.space\/sites\/ninap_portfolio\/wp-json\/wp\/v2\/types\/page"}],"author":[{"embeddable":true,"href":"https:\/\/www.ninapariat.space\/sites\/ninap_portfolio\/wp-json\/wp\/v2\/users\/1"}],"replies":[{"embeddable":true,"href":"https:\/\/www.ninapariat.space\/sites\/ninap_portfolio\/wp-json\/wp\/v2\/comments?post=20"}],"version-history":[{"count":10,"href":"https:\/\/www.ninapariat.space\/sites\/ninap_portfolio\/wp-json\/wp\/v2\/pages\/20\/revisions"}],"predecessor-version":[{"id":427,"href":"https:\/\/www.ninapariat.space\/sites\/ninap_portfolio\/wp-json\/wp\/v2\/pages\/20\/revisions\/427"}],"wp:attachment":[{"href":"https:\/\/www.ninapariat.space\/sites\/ninap_portfolio\/wp-json\/wp\/v2\/media?parent=20"}],"curies":[{"name":"wp","href":"https:\/\/api.w.org\/{rel}","templated":true}]}}